{"id":5655,"date":"2023-09-20T06:55:59","date_gmt":"2023-09-20T06:55:59","guid":{"rendered":"https:\/\/www.boomsoftware.com\/imprint\/"},"modified":"2025-05-05T09:05:58","modified_gmt":"2025-05-05T09:05:58","slug":"imprint","status":"publish","type":"page","link":"https:\/\/www.boomsoftware.com\/en\/imprint\/","title":{"rendered":"Imprint"},"content":{"rendered":"\t\t<div data-elementor-type=\"wp-post\" data-elementor-id=\"5655\" class=\"elementor elementor-5655 elementor-3608\" data-elementor-post-type=\"page\">\n\t\t\t\t<div class=\"elementor-element elementor-element-e1cf1e7 e-flex e-con-boxed e-con e-parent\" data-id=\"e1cf1e7\" data-element_type=\"container\">\n\t\t\t\t\t<div class=\"e-con-inner\">\n\t\t\t\t<div class=\"elementor-element elementor-element-ec8d899 elementor-widget elementor-widget-heading\" data-id=\"ec8d899\" data-element_type=\"widget\" data-widget_type=\"heading.default\">\n\t\t\t\t<div class=\"elementor-widget-container\">\n\t\t\t\t\t<h2 class=\"elementor-heading-title elementor-size-default\">Imprint<\/h2>\t\t\t\t<\/div>\n\t\t\t\t<\/div>\n\t\t\t\t<div class=\"elementor-element elementor-element-0ff984a elementor-widget__width-initial elementor-widget elementor-widget-text-editor\" data-id=\"0ff984a\" data-element_type=\"widget\" data-widget_type=\"text-editor.default\">\n\t\t\t\t<div class=\"elementor-widget-container\">\n\t\t\t\t\t\t\t\t\t<p style=\"text-align: left;\">Information pursuant to the E-Commerce Act for the websites <a href=\"https:\/\/www.boomsoftware.com\/en\/\" target=\"_blank\" rel=\"noopener\">www.boomsoftware.com<\/a> and <a href=\"http:\/\/rail.boomsoftware.com\/\" target=\"_blank\" rel=\"noopener\">rail.boomsoftware.com<\/a><\/p>\n\t\t\t\t\t\t\t\t<\/div>\n\t\t\t\t<\/div>\n\t\t\t\t<div class=\"elementor-element elementor-element-60d77b9 elementor-widget elementor-widget-spacer\" data-id=\"60d77b9\" data-element_type=\"widget\" data-widget_type=\"spacer.default\">\n\t\t\t\t<div class=\"elementor-widget-container\">\n\t\t\t\t\t\t\t<div class=\"elementor-spacer\">\n\t\t\t<div class=\"elementor-spacer-inner\"><\/div>\n\t\t<\/div>\n\t\t\t\t\t\t<\/div>\n\t\t\t\t<\/div>\n\t\t\t\t\t<\/div>\n\t\t\t\t<\/div>\n\t\t<div class=\"elementor-element elementor-element-23cb56f e-flex e-con-boxed e-con e-parent\" data-id=\"23cb56f\" data-element_type=\"container\">\n\t\t\t\t\t<div class=\"e-con-inner\">\n\t\t<div class=\"elementor-element elementor-element-cfc6b47 e-con-full e-flex e-con e-child\" data-id=\"cfc6b47\" data-element_type=\"container\">\n\t\t\t\t<div class=\"elementor-element elementor-element-e2291be elementor-widget elementor-widget-text-editor\" data-id=\"e2291be\" data-element_type=\"widget\" data-widget_type=\"text-editor.default\">\n\t\t\t\t<div class=\"elementor-widget-container\">\n\t\t\t\t\t\t\t\t\t<h3>BOOM SOFTWARE AG<\/h3>\n<p><strong>Headquarters in Leibnitz:<br><\/strong>Boom Software AG<br>Hasendorfer Stra\u00dfe 96<br>A-8430 Leibnitz<\/p>\n<p><strong>Office in Graz:<br><\/strong>Smart City S\u00fcd, 3. OG<br>Waagner-Biro-Stra\u00dfe 84b<br>A-8020 Graz<\/p>\n<p>E&nbsp;<a href=\"mailto:office@boomsoftware.com\">office@boomsoftware.com<\/a><br>T +43 3452 \/ 76216-0<br>F +43 3452 \/ 76216-115<\/p>\n<p><\/p>\n<p>Executive Board: Bora Man and Andreas Schaller<\/p>\n<p>Company register number: 132252 p<br>Company register court: LG f\u00fcr ZRS Graz<br>Authority acc. ECG: BH Leibnitz<br>UID-Nummer: ATU38752104<br>DVR: 0809748<\/p>\t\t\t\t\t\t\t\t<\/div>\n\t\t\t\t<\/div>\n\t\t\t\t<\/div>\n\t\t<div class=\"elementor-element elementor-element-b19b10e e-con-full e-flex e-con e-child\" data-id=\"b19b10e\" data-element_type=\"container\">\n\t\t\t\t<div class=\"elementor-element elementor-element-e5990c9 elementor-widget elementor-widget-text-editor\" data-id=\"e5990c9\" data-element_type=\"widget\" data-widget_type=\"text-editor.default\">\n\t\t\t\t<div class=\"elementor-widget-container\">\n\t\t\t\t\t\t\t\t\t<h3>BOOM SOFTWARE GMBH<\/h3>\n<p>Alter Stadthafen 3a<br>D-26122 Oldenburg<br>E <a href=\"mailto:germany@boomsoftware.com\">germany@boomsoftware.com<br><\/a>T +49 441 \/ 962 790-0<\/p>\n<p><\/p>\n<p>Authorized representative managing directors: Dr.-Ing. Rainer Droste<\/p>\n<p>Register court: Handelsregister Oldenburg<br>Register number: HRB 208366<br>Sales tax identification number acc. \u00a727a of the VAT Act: DE292205046<\/p>\t\t\t\t\t\t\t\t<\/div>\n\t\t\t\t<\/div>\n\t\t\t\t<\/div>\n\t\t\t\t\t<\/div>\n\t\t\t\t<\/div>\n\t\t<div class=\"elementor-element elementor-element-8e369a4 e-flex e-con-boxed e-con e-parent\" data-id=\"8e369a4\" data-element_type=\"container\">\n\t\t\t\t\t<div class=\"e-con-inner\">\n\t\t\t\t<div class=\"elementor-element elementor-element-f97f7dc elementor-widget elementor-widget-spacer\" data-id=\"f97f7dc\" data-element_type=\"widget\" data-widget_type=\"spacer.default\">\n\t\t\t\t<div class=\"elementor-widget-container\">\n\t\t\t\t\t\t\t<div class=\"elementor-spacer\">\n\t\t\t<div class=\"elementor-spacer-inner\"><\/div>\n\t\t<\/div>\n\t\t\t\t\t\t<\/div>\n\t\t\t\t<\/div>\n\t\t\t\t<div class=\"elementor-element elementor-element-56752f3 elementor-widget elementor-widget-text-editor\" data-id=\"56752f3\" data-element_type=\"widget\" data-widget_type=\"text-editor.default\">\n\t\t\t\t<div class=\"elementor-widget-container\">\n\t\t\t\t\t\t\t\t\t<p><strong>Copyright<br \/><\/strong>All content on the <a href=\"http:\/\/www.boomsoftware.com\" target=\"_blank\" rel=\"noopener\">www.boomsoftware.com<\/a> website (i.e. text, graphics, videos, music, etc.) is protected by copyright. This information may not be used directly or indirectly for commercial purposes and is intended solely for personal use by natural persons. All rights, regardless of their nature, are reserved to the copyright owner without restriction. The copyright owner expressly reserves the rights to reproduce, distribute, rent, lend, and transmit the website content in any form. All rights are owned by the copyright owner, and any violations of copyright will be legally pursued.<\/p>\n\t\t\t\t\t\t\t\t<\/div>\n\t\t\t\t<\/div>\n\t\t\t\t<div class=\"elementor-element elementor-element-7c6250c elementor-widget elementor-widget-spacer\" data-id=\"7c6250c\" data-element_type=\"widget\" data-widget_type=\"spacer.default\">\n\t\t\t\t<div class=\"elementor-widget-container\">\n\t\t\t\t\t\t\t<div class=\"elementor-spacer\">\n\t\t\t<div class=\"elementor-spacer-inner\"><\/div>\n\t\t<\/div>\n\t\t\t\t\t\t<\/div>\n\t\t\t\t<\/div>\n\t\t\t\t<div class=\"elementor-element elementor-element-6e3ae79 elementor-widget elementor-widget-text-editor\" data-id=\"6e3ae79\" data-element_type=\"widget\" data-widget_type=\"text-editor.default\">\n\t\t\t\t<div class=\"elementor-widget-container\">\n\t\t\t\t\t\t\t\t\t<p><span style=\"font-weight: bolder; text-align: var(--text-align); background-color: var( --e-global-color-c696dce ); color: var( --e-global-color-primary ); font-size: 1rem;\">Google Analytics<\/span><\/p>\n<p><span style=\"text-align: var(--text-align); background-color: var( --e-global-color-c696dce ); color: var( --e-global-color-primary ); font-size: 1rem;\">This website uses Google Analytics, a web analysis service by Google, Inc. (&#8220;Google&#8221;). Google Analytics uses what are known as \u2018cookies\u2019. These are text files that are stored on your computer and enable the analysis of your use of the website. Information generated by the cookie related to your use of the website (including your IP address) is transferred to a Google server in the USA where it is saved. Google uses this information to evaluate your usage of the website in order to compile reports about website activity for the website operator and to provide additional services connected with use of the website and the internet. If deemed necessary, Google will also forward such information to third parties if legally required, or if the third party has been contracted by Google with the processing of this information. Under no circumstances shall Google provide a connection between your IP address and other personal data collected by Google. The installation of cookies can be changed by resetting your browser software accordingly. However, please note: if you do so you may no longer benefit from the full scope of functions offered by the website. By using this website you declare that you are in agreement with the way your data is collected and processed by Google, and with the purposes for which it is to be used.<\/span><\/p>\n<p>Please click on the following link for further information regarding data protection: <a href=\"https:\/\/policies.google.com\/privacy\" target=\"_blank\" rel=\"noopener\">https:\/\/policies.google.com\/privacy<\/a><\/p>\n\t\t\t\t\t\t\t\t<\/div>\n\t\t\t\t<\/div>\n\t\t\t\t\t<\/div>\n\t\t\t\t<\/div>\n\t\t<div class=\"elementor-element elementor-element-139551b e-flex e-con-boxed e-con e-parent\" data-id=\"139551b\" data-element_type=\"container\">\n\t\t\t\t\t<div class=\"e-con-inner\">\n\t\t\t\t<div class=\"elementor-element elementor-element-43a926b elementor-widget elementor-widget-spacer\" data-id=\"43a926b\" data-element_type=\"widget\" data-widget_type=\"spacer.default\">\n\t\t\t\t<div class=\"elementor-widget-container\">\n\t\t\t\t\t\t\t<div class=\"elementor-spacer\">\n\t\t\t<div class=\"elementor-spacer-inner\"><\/div>\n\t\t<\/div>\n\t\t\t\t\t\t<\/div>\n\t\t\t\t<\/div>\n\t\t\t\t\t<\/div>\n\t\t\t\t<\/div>\n\t\t\t\t<\/div>\n\t\t","protected":false},"excerpt":{"rendered":"<p>Imprint Information pursuant to the E-Commerce Act for the websites www.boomsoftware.com and rail.boomsoftware.com BOOM SOFTWARE AG Headquarters in Leibnitz:Boom Software AGHasendorfer Stra\u00dfe 96A-8430 Leibnitz Office in Graz:Smart City S\u00fcd, 3. OGWaagner-Biro-Stra\u00dfe 84bA-8020 Graz E&nbsp;office@boomsoftware.comT +43 3452 \/ 76216-0F +43 3452 \/ 76216-115 Executive Board: Bora Man and Andreas Schaller Company register number: 132252 pCompany register [&hellip;]<\/p>\n","protected":false},"author":5,"featured_media":0,"parent":0,"menu_order":0,"comment_status":"closed","ping_status":"closed","template":"","meta":{"footnotes":""},"class_list":["post-5655","page","type-page","status-publish","hentry"],"yoast_head":"<!-- This site is optimized with the Yoast SEO plugin v26.7 - https:\/\/yoast.com\/wordpress\/plugins\/seo\/ -->\n<title>Imprint - boomsoftware<\/title>\n<meta name=\"robots\" content=\"index, follow, max-snippet:-1, max-image-preview:large, max-video-preview:-1\" \/>\n<link rel=\"canonical\" href=\"https:\/\/www.boomsoftware.com\/en\/imprint\/\" \/>\n<meta property=\"og:locale\" content=\"en_US\" \/>\n<meta property=\"og:type\" content=\"article\" \/>\n<meta property=\"og:title\" content=\"Imprint - boomsoftware\" \/>\n<meta property=\"og:description\" content=\"Imprint Information pursuant to the E-Commerce Act for the websites www.boomsoftware.com and rail.boomsoftware.com BOOM SOFTWARE AG Headquarters in Leibnitz:Boom Software AGHasendorfer Stra\u00dfe 96A-8430 Leibnitz Office in Graz:Smart City S\u00fcd, 3. OGWaagner-Biro-Stra\u00dfe 84bA-8020 Graz E&nbsp;office@boomsoftware.comT +43 3452 \/ 76216-0F +43 3452 \/ 76216-115 Executive Board: Bora Man and Andreas Schaller Company register number: 132252 pCompany register [&hellip;]\" \/>\n<meta property=\"og:url\" content=\"https:\/\/www.boomsoftware.com\/en\/imprint\/\" \/>\n<meta property=\"og:site_name\" content=\"boomsoftware\" \/>\n<meta property=\"article:publisher\" content=\"https:\/\/www.facebook.com\/BoomSoftware\" \/>\n<meta property=\"article:modified_time\" content=\"2025-05-05T09:05:58+00:00\" \/>\n<meta property=\"og:image\" content=\"https:\/\/www.boomsoftware.com\/wp-content\/uploads\/2023\/08\/IH.png\" \/>\n\t<meta property=\"og:image:width\" content=\"317\" \/>\n\t<meta property=\"og:image:height\" content=\"225\" \/>\n\t<meta property=\"og:image:type\" content=\"image\/png\" \/>\n<meta name=\"twitter:card\" content=\"summary_large_image\" \/>\n<meta name=\"twitter:label1\" content=\"Est. reading time\" \/>\n\t<meta name=\"twitter:data1\" content=\"2 minutes\" \/>\n<script type=\"application\/ld+json\" class=\"yoast-schema-graph\">{\"@context\":\"https:\/\/schema.org\",\"@graph\":[{\"@type\":\"WebPage\",\"@id\":\"https:\/\/www.boomsoftware.com\/en\/imprint\/\",\"url\":\"https:\/\/www.boomsoftware.com\/en\/imprint\/\",\"name\":\"Imprint - boomsoftware\",\"isPartOf\":{\"@id\":\"https:\/\/www.boomsoftware.com\/en\/#website\"},\"datePublished\":\"2023-09-20T06:55:59+00:00\",\"dateModified\":\"2025-05-05T09:05:58+00:00\",\"breadcrumb\":{\"@id\":\"https:\/\/www.boomsoftware.com\/en\/imprint\/#breadcrumb\"},\"inLanguage\":\"en-US\",\"potentialAction\":[{\"@type\":\"ReadAction\",\"target\":[\"https:\/\/www.boomsoftware.com\/en\/imprint\/\"]}]},{\"@type\":\"BreadcrumbList\",\"@id\":\"https:\/\/www.boomsoftware.com\/en\/imprint\/#breadcrumb\",\"itemListElement\":[{\"@type\":\"ListItem\",\"position\":1,\"name\":\"Startseite\",\"item\":\"https:\/\/www.boomsoftware.com\/en\/\"},{\"@type\":\"ListItem\",\"position\":2,\"name\":\"Imprint\"}]},{\"@type\":\"WebSite\",\"@id\":\"https:\/\/www.boomsoftware.com\/en\/#website\",\"url\":\"https:\/\/www.boomsoftware.com\/en\/\",\"name\":\"boomsoftware\",\"description\":\"Experten f\u00fcr digitale L\u00f6sungen im Instandhaltungs- und Produktionsmanagement\",\"publisher\":{\"@id\":\"https:\/\/www.boomsoftware.com\/en\/#organization\"},\"alternateName\":\"Boom Software AG\",\"potentialAction\":[{\"@type\":\"SearchAction\",\"target\":{\"@type\":\"EntryPoint\",\"urlTemplate\":\"https:\/\/www.boomsoftware.com\/en\/?s={search_term_string}\"},\"query-input\":{\"@type\":\"PropertyValueSpecification\",\"valueRequired\":true,\"valueName\":\"search_term_string\"}}],\"inLanguage\":\"en-US\"},{\"@type\":\"Organization\",\"@id\":\"https:\/\/www.boomsoftware.com\/en\/#organization\",\"name\":\"Boom Software\",\"url\":\"https:\/\/www.boomsoftware.com\/en\/\",\"logo\":{\"@type\":\"ImageObject\",\"inLanguage\":\"en-US\",\"@id\":\"https:\/\/www.boomsoftware.com\/en\/#\/schema\/logo\/image\/\",\"url\":\"https:\/\/www.boomsoftware.com\/wp-content\/uploads\/2023\/09\/Boom.jpg\",\"contentUrl\":\"https:\/\/www.boomsoftware.com\/wp-content\/uploads\/2023\/09\/Boom.jpg\",\"width\":196,\"height\":55,\"caption\":\"Boom Software\"},\"image\":{\"@id\":\"https:\/\/www.boomsoftware.com\/en\/#\/schema\/logo\/image\/\"},\"sameAs\":[\"https:\/\/www.facebook.com\/BoomSoftware\"]}]}<\/script>\n<!-- \/ Yoast SEO plugin. -->","yoast_head_json":{"title":"Imprint - boomsoftware","robots":{"index":"index","follow":"follow","max-snippet":"max-snippet:-1","max-image-preview":"max-image-preview:large","max-video-preview":"max-video-preview:-1"},"canonical":"https:\/\/www.boomsoftware.com\/en\/imprint\/","og_locale":"en_US","og_type":"article","og_title":"Imprint - boomsoftware","og_description":"Imprint Information pursuant to the E-Commerce Act for the websites www.boomsoftware.com and rail.boomsoftware.com BOOM SOFTWARE AG Headquarters in Leibnitz:Boom Software AGHasendorfer Stra\u00dfe 96A-8430 Leibnitz Office in Graz:Smart City S\u00fcd, 3. OGWaagner-Biro-Stra\u00dfe 84bA-8020 Graz E&nbsp;office@boomsoftware.comT +43 3452 \/ 76216-0F +43 3452 \/ 76216-115 Executive Board: Bora Man and Andreas Schaller Company register number: 132252 pCompany register [&hellip;]","og_url":"https:\/\/www.boomsoftware.com\/en\/imprint\/","og_site_name":"boomsoftware","article_publisher":"https:\/\/www.facebook.com\/BoomSoftware","article_modified_time":"2025-05-05T09:05:58+00:00","og_image":[{"width":317,"height":225,"url":"https:\/\/www.boomsoftware.com\/wp-content\/uploads\/2023\/08\/IH.png","type":"image\/png"}],"twitter_card":"summary_large_image","twitter_misc":{"Est. reading time":"2 minutes"},"schema":{"@context":"https:\/\/schema.org","@graph":[{"@type":"WebPage","@id":"https:\/\/www.boomsoftware.com\/en\/imprint\/","url":"https:\/\/www.boomsoftware.com\/en\/imprint\/","name":"Imprint - boomsoftware","isPartOf":{"@id":"https:\/\/www.boomsoftware.com\/en\/#website"},"datePublished":"2023-09-20T06:55:59+00:00","dateModified":"2025-05-05T09:05:58+00:00","breadcrumb":{"@id":"https:\/\/www.boomsoftware.com\/en\/imprint\/#breadcrumb"},"inLanguage":"en-US","potentialAction":[{"@type":"ReadAction","target":["https:\/\/www.boomsoftware.com\/en\/imprint\/"]}]},{"@type":"BreadcrumbList","@id":"https:\/\/www.boomsoftware.com\/en\/imprint\/#breadcrumb","itemListElement":[{"@type":"ListItem","position":1,"name":"Startseite","item":"https:\/\/www.boomsoftware.com\/en\/"},{"@type":"ListItem","position":2,"name":"Imprint"}]},{"@type":"WebSite","@id":"https:\/\/www.boomsoftware.com\/en\/#website","url":"https:\/\/www.boomsoftware.com\/en\/","name":"boomsoftware","description":"Experten f\u00fcr digitale L\u00f6sungen im Instandhaltungs- und Produktionsmanagement","publisher":{"@id":"https:\/\/www.boomsoftware.com\/en\/#organization"},"alternateName":"Boom Software AG","potentialAction":[{"@type":"SearchAction","target":{"@type":"EntryPoint","urlTemplate":"https:\/\/www.boomsoftware.com\/en\/?s={search_term_string}"},"query-input":{"@type":"PropertyValueSpecification","valueRequired":true,"valueName":"search_term_string"}}],"inLanguage":"en-US"},{"@type":"Organization","@id":"https:\/\/www.boomsoftware.com\/en\/#organization","name":"Boom Software","url":"https:\/\/www.boomsoftware.com\/en\/","logo":{"@type":"ImageObject","inLanguage":"en-US","@id":"https:\/\/www.boomsoftware.com\/en\/#\/schema\/logo\/image\/","url":"https:\/\/www.boomsoftware.com\/wp-content\/uploads\/2023\/09\/Boom.jpg","contentUrl":"https:\/\/www.boomsoftware.com\/wp-content\/uploads\/2023\/09\/Boom.jpg","width":196,"height":55,"caption":"Boom Software"},"image":{"@id":"https:\/\/www.boomsoftware.com\/en\/#\/schema\/logo\/image\/"},"sameAs":["https:\/\/www.facebook.com\/BoomSoftware"]}]}},"_links":{"self":[{"href":"https:\/\/www.boomsoftware.com\/en\/wp-json\/wp\/v2\/pages\/5655","targetHints":{"allow":["GET"]}}],"collection":[{"href":"https:\/\/www.boomsoftware.com\/en\/wp-json\/wp\/v2\/pages"}],"about":[{"href":"https:\/\/www.boomsoftware.com\/en\/wp-json\/wp\/v2\/types\/page"}],"author":[{"embeddable":true,"href":"https:\/\/www.boomsoftware.com\/en\/wp-json\/wp\/v2\/users\/5"}],"replies":[{"embeddable":true,"href":"https:\/\/www.boomsoftware.com\/en\/wp-json\/wp\/v2\/comments?post=5655"}],"version-history":[{"count":24,"href":"https:\/\/www.boomsoftware.com\/en\/wp-json\/wp\/v2\/pages\/5655\/revisions"}],"predecessor-version":[{"id":10245,"href":"https:\/\/www.boomsoftware.com\/en\/wp-json\/wp\/v2\/pages\/5655\/revisions\/10245"}],"wp:attachment":[{"href":"https:\/\/www.boomsoftware.com\/en\/wp-json\/wp\/v2\/media?parent=5655"}],"curies":[{"name":"wp","href":"https:\/\/api.w.org\/{rel}","templated":true}]}}