{"id":5666,"date":"2023-05-23T08:30:54","date_gmt":"2023-05-23T08:30:54","guid":{"rendered":"https:\/\/www.boomsoftware.com\/contact\/"},"modified":"2023-10-12T13:57:04","modified_gmt":"2023-10-12T13:57:04","slug":"contact","status":"publish","type":"page","link":"https:\/\/www.boomsoftware.com\/en\/contact\/","title":{"rendered":"Contact"},"content":{"rendered":"\t\t<div data-elementor-type=\"wp-page\" data-elementor-id=\"5666\" class=\"elementor elementor-5666 elementor-63\" data-elementor-post-type=\"page\">\n\t\t\t\t\t\t<section class=\"elementor-section elementor-top-section elementor-element elementor-element-2e61c9ae elementor-section-height-min-height elementor-section-items-stretch elementor-section-boxed elementor-section-height-default\" data-id=\"2e61c9ae\" data-element_type=\"section\" data-settings=\"{&quot;background_background&quot;:&quot;classic&quot;}\">\n\t\t\t\t\t\t<div class=\"elementor-container elementor-column-gap-no\">\n\t\t\t\t\t<div class=\"elementor-column elementor-col-100 elementor-top-column elementor-element elementor-element-6710f0b2\" data-id=\"6710f0b2\" data-element_type=\"column\">\n\t\t\t<div class=\"elementor-widget-wrap elementor-element-populated\">\n\t\t\t\t\t\t<div class=\"elementor-element elementor-element-37e29372 elementor-widget elementor-widget-heading\" data-id=\"37e29372\" data-element_type=\"widget\" data-widget_type=\"heading.default\">\n\t\t\t\t<div class=\"elementor-widget-container\">\n\t\t\t\t\t<h1 class=\"elementor-heading-title elementor-size-default\">Get in <br> touch with us<\/h1>\t\t\t\t<\/div>\n\t\t\t\t<\/div>\n\t\t\t\t<div class=\"elementor-element elementor-element-598b6005 elementor-widget-divider--view-line elementor-widget elementor-widget-divider\" data-id=\"598b6005\" data-element_type=\"widget\" data-widget_type=\"divider.default\">\n\t\t\t\t<div class=\"elementor-widget-container\">\n\t\t\t\t\t\t\t<div class=\"elementor-divider\">\n\t\t\t<span class=\"elementor-divider-separator\">\n\t\t\t\t\t\t<\/span>\n\t\t<\/div>\n\t\t\t\t\t\t<\/div>\n\t\t\t\t<\/div>\n\t\t\t\t<div class=\"elementor-element elementor-element-571c9469 elementor-widget elementor-widget-heading\" data-id=\"571c9469\" data-element_type=\"widget\" data-widget_type=\"heading.default\">\n\t\t\t\t<div class=\"elementor-widget-container\">\n\t\t\t\t\t<h6 class=\"elementor-heading-title elementor-size-default\"><b>Contact details<\/b><\/h6>\t\t\t\t<\/div>\n\t\t\t\t<\/div>\n\t\t\t\t<div class=\"elementor-element elementor-element-c82597b elementor-align-center elementor-icon-list--layout-traditional elementor-list-item-link-full_width elementor-widget elementor-widget-icon-list\" data-id=\"c82597b\" data-element_type=\"widget\" data-widget_type=\"icon-list.default\">\n\t\t\t\t<div class=\"elementor-widget-container\">\n\t\t\t\t\t\t\t<ul class=\"elementor-icon-list-items\">\n\t\t\t\t\t\t\t<li class=\"elementor-icon-list-item\">\n\t\t\t\t\t\t\t\t\t\t\t<a href=\"tel:+433452762160\">\n\n\t\t\t\t\t\t\t\t\t\t\t<span class=\"elementor-icon-list-text\">+43 3452 76216-0<\/span>\n\t\t\t\t\t\t\t\t\t\t\t<\/a>\n\t\t\t\t\t\t\t\t\t<\/li>\n\t\t\t\t\t\t\t\t<li class=\"elementor-icon-list-item\">\n\t\t\t\t\t\t\t\t\t\t\t<a href=\"mailto:office@boomsoftware.com\">\n\n\t\t\t\t\t\t\t\t\t\t\t<span class=\"elementor-icon-list-text\">office@boomsoftware.com<\/span>\n\t\t\t\t\t\t\t\t\t\t\t<\/a>\n\t\t\t\t\t\t\t\t\t<\/li>\n\t\t\t\t\t\t<\/ul>\n\t\t\t\t\t\t<\/div>\n\t\t\t\t<\/div>\n\t\t\t\t\t<\/div>\n\t\t<\/div>\n\t\t\t\t\t<\/div>\n\t\t<\/section>\n\t\t\t\t<section class=\"elementor-section elementor-top-section elementor-element elementor-element-1d9d4d27 elementor-section-boxed elementor-section-height-default elementor-section-height-default\" data-id=\"1d9d4d27\" data-element_type=\"section\">\n\t\t\t\t\t\t<div class=\"elementor-container elementor-column-gap-no\">\n\t\t\t\t\t<div class=\"elementor-column elementor-col-100 elementor-top-column elementor-element elementor-element-47f5670e\" data-id=\"47f5670e\" data-element_type=\"column\">\n\t\t\t<div class=\"elementor-widget-wrap elementor-element-populated\">\n\t\t\t\t\t\t<div class=\"elementor-element elementor-element-42a774fa elementor-widget elementor-widget-text-editor\" data-id=\"42a774fa\" data-element_type=\"widget\" data-widget_type=\"text-editor.default\">\n\t\t\t\t<div class=\"elementor-widget-container\">\n\t\t\t\t\t\t\t\t\t<p>Please fill out the form below, and we will contact you as soon as possible.<\/p>\n\t\t\t\t\t\t\t\t<\/div>\n\t\t\t\t<\/div>\n\t\t\t\t<div class=\"elementor-element elementor-element-47da3839 elementor-button-align-center elementor-widget elementor-widget-form\" data-id=\"47da3839\" data-element_type=\"widget\" data-settings=\"{&quot;step_next_label&quot;:&quot;Next&quot;,&quot;step_previous_label&quot;:&quot;Previous&quot;,&quot;button_width&quot;:&quot;100&quot;,&quot;step_type&quot;:&quot;number_text&quot;,&quot;step_icon_shape&quot;:&quot;circle&quot;}\" data-widget_type=\"form.default\">\n\t\t\t\t<div class=\"elementor-widget-container\">\n\t\t\t\t\t\t\t<form class=\"elementor-form\" method=\"post\" name=\"Contact Form\" aria-label=\"Contact Form\">\n\t\t\t<input type=\"hidden\" name=\"post_id\" value=\"5666\"\/>\n\t\t\t<input type=\"hidden\" name=\"form_id\" value=\"47da3839\"\/>\n\t\t\t<input type=\"hidden\" name=\"referer_title\" value=\"Contact - boomsoftware\" \/>\n\n\t\t\t\t\t\t\t<input type=\"hidden\" name=\"queried_id\" value=\"5666\"\/>\n\t\t\t\n\t\t\t<div class=\"elementor-form-fields-wrapper elementor-labels-\">\n\t\t\t\t\t\t\t\t<div class=\"elementor-field-type-text elementor-field-group elementor-column elementor-field-group-name elementor-col-50\">\n\t\t\t\t\t\t\t\t\t\t\t\t<label for=\"form-field-name\" class=\"elementor-field-label elementor-screen-only\">\n\t\t\t\t\t\t\t\tYour Name\t\t\t\t\t\t\t<\/label>\n\t\t\t\t\t\t\t\t\t\t\t\t\t\t<input size=\"1\" type=\"text\" name=\"form_fields[name]\" id=\"form-field-name\" class=\"elementor-field elementor-size-sm  elementor-field-textual\" placeholder=\"Name\">\n\t\t\t\t\t\t\t\t\t\t\t<\/div>\n\t\t\t\t\t\t\t\t<div class=\"elementor-field-type-email elementor-field-group elementor-column elementor-field-group-email elementor-col-50 elementor-field-required\">\n\t\t\t\t\t\t\t\t\t\t\t\t<label for=\"form-field-email\" class=\"elementor-field-label elementor-screen-only\">\n\t\t\t\t\t\t\t\tYour Email\t\t\t\t\t\t\t<\/label>\n\t\t\t\t\t\t\t\t\t\t\t\t\t\t<input size=\"1\" type=\"email\" name=\"form_fields[email]\" id=\"form-field-email\" class=\"elementor-field elementor-size-sm  elementor-field-textual\" placeholder=\"E-mail*\" required=\"required\">\n\t\t\t\t\t\t\t\t\t\t\t<\/div>\n\t\t\t\t\t\t\t\t<div class=\"elementor-field-type-tel elementor-field-group elementor-column elementor-field-group-field_6c180a9 elementor-col-50\">\n\t\t\t\t\t\t\t\t\t\t\t\t<label for=\"form-field-field_6c180a9\" class=\"elementor-field-label elementor-screen-only\">\n\t\t\t\t\t\t\t\tPhone Number\t\t\t\t\t\t\t<\/label>\n\t\t\t\t\t\t\t\t<input size=\"1\" type=\"tel\" name=\"form_fields[field_6c180a9]\" id=\"form-field-field_6c180a9\" class=\"elementor-field elementor-size-sm  elementor-field-textual\" placeholder=\"Phone number\" pattern=\"[0-9()#&amp;+*-=.]+\" title=\"Only numbers and phone characters (#, -, *, etc) are accepted.\">\n\n\t\t\t\t\t\t<\/div>\n\t\t\t\t\t\t\t\t<div class=\"elementor-field-type-text elementor-field-group elementor-column elementor-field-group-field_b743cd7 elementor-col-50 elementor-field-required\">\n\t\t\t\t\t\t\t\t\t\t\t\t<label for=\"form-field-field_b743cd7\" class=\"elementor-field-label elementor-screen-only\">\n\t\t\t\t\t\t\t\tService Type\t\t\t\t\t\t\t<\/label>\n\t\t\t\t\t\t\t\t\t\t\t\t\t\t<input size=\"1\" type=\"text\" name=\"form_fields[field_b743cd7]\" id=\"form-field-field_b743cd7\" class=\"elementor-field elementor-size-sm  elementor-field-textual\" placeholder=\"Subject*\" required=\"required\">\n\t\t\t\t\t\t\t\t\t\t\t<\/div>\n\t\t\t\t\t\t\t\t<div class=\"elementor-field-type-textarea elementor-field-group elementor-column elementor-field-group-message elementor-col-100\">\n\t\t\t\t\t\t\t\t\t\t\t\t<label for=\"form-field-message\" class=\"elementor-field-label elementor-screen-only\">\n\t\t\t\t\t\t\t\tMessage\t\t\t\t\t\t\t<\/label>\n\t\t\t\t\t\t<textarea class=\"elementor-field-textual elementor-field  elementor-size-sm\" name=\"form_fields[message]\" id=\"form-field-message\" rows=\"11\" placeholder=\"Message\"><\/textarea>\t\t\t\t<\/div>\n\t\t\t\t\t\t\t\t<div class=\"elementor-field-group elementor-column elementor-field-type-submit elementor-col-100 e-form__buttons\">\n\t\t\t\t\t<button class=\"elementor-button elementor-size-sm\" type=\"submit\">\n\t\t\t\t\t\t<span class=\"elementor-button-content-wrapper\">\n\t\t\t\t\t\t\t\t\t\t\t\t\t\t\t\t\t\t\t\t\t\t<span class=\"elementor-button-text\">Send<\/span>\n\t\t\t\t\t\t\t\t\t\t\t\t\t<\/span>\n\t\t\t\t\t<\/button>\n\t\t\t\t<\/div>\n\t\t\t<\/div>\n\t\t<\/form>\n\t\t\t\t\t\t<\/div>\n\t\t\t\t<\/div>\n\t\t\t\t\t<\/div>\n\t\t<\/div>\n\t\t\t\t\t<\/div>\n\t\t<\/section>\n\t\t\t\t<section class=\"elementor-section elementor-top-section elementor-element elementor-element-603dc6b6 elementor-section-full_width elementor-section-height-default elementor-section-height-default\" data-id=\"603dc6b6\" data-element_type=\"section\">\n\t\t\t\t\t\t<div class=\"elementor-container elementor-column-gap-no\">\n\t\t\t\t\t<div class=\"elementor-column elementor-col-100 elementor-top-column elementor-element elementor-element-7149aee4\" data-id=\"7149aee4\" data-element_type=\"column\">\n\t\t\t<div class=\"elementor-widget-wrap elementor-element-populated\">\n\t\t\t\t\t\t<div class=\"elementor-element elementor-element-c79a01a elementor-widget elementor-widget-heading\" data-id=\"c79a01a\" data-element_type=\"widget\" data-widget_type=\"heading.default\">\n\t\t\t\t<div class=\"elementor-widget-container\">\n\t\t\t\t\t<h2 class=\"elementor-heading-title elementor-size-default\">Voice of the Customer<\/h2>\t\t\t\t<\/div>\n\t\t\t\t<\/div>\n\t\t\t\t<section class=\"elementor-section elementor-inner-section elementor-element elementor-element-681e6b76 elementor-section-full_width elementor-section-height-default elementor-section-height-default\" data-id=\"681e6b76\" data-element_type=\"section\">\n\t\t\t\t\t\t<div class=\"elementor-container elementor-column-gap-no\">\n\t\t\t\t\t<div class=\"elementor-column elementor-col-33 elementor-inner-column elementor-element elementor-element-2cb834b9\" data-id=\"2cb834b9\" data-element_type=\"column\">\n\t\t\t<div class=\"elementor-widget-wrap elementor-element-populated\">\n\t\t\t\t\t\t<div class=\"elementor-element elementor-element-112d6f57 elementor-widget elementor-widget-testimonial\" data-id=\"112d6f57\" data-element_type=\"widget\" data-widget_type=\"testimonial.default\">\n\t\t\t\t<div class=\"elementor-widget-container\">\n\t\t\t\t\t\t\t<div class=\"elementor-testimonial-wrapper\">\n\t\t\t\t\t\t\t<div class=\"elementor-testimonial-content\"><p>\"With Boom's maintenance solution, we have found software that goes far beyond the standard in terms of functionality and continually adapts to the industry's dynamics. The flexibility and speed with which our requirements were implemented to meet practical needs were excellent.\"<\/p>\n<\/div>\n\t\t\t\n\t\t\t\t\t\t<div class=\"elementor-testimonial-meta elementor-has-image elementor-testimonial-image-position-aside\">\n\t\t\t\t<div class=\"elementor-testimonial-meta-inner\">\n\t\t\t\t\t\t\t\t\t\t\t<div class=\"elementor-testimonial-image\">\n\t\t\t\t\t\t\t<img fetchpriority=\"high\" decoding=\"async\" width=\"225\" height=\"224\" src=\"https:\/\/www.boomsoftware.com\/wp-content\/uploads\/2023\/05\/logo_erdgas_sw.jpeg\" class=\"attachment-full size-full wp-image-352\" alt=\"\" srcset=\"https:\/\/www.boomsoftware.com\/wp-content\/uploads\/2023\/05\/logo_erdgas_sw.jpeg 225w, https:\/\/www.boomsoftware.com\/wp-content\/uploads\/2023\/05\/logo_erdgas_sw-150x150.jpeg 150w\" sizes=\"(max-width: 225px) 100vw, 225px\" \/>\t\t\t\t\t\t<\/div>\n\t\t\t\t\t\n\t\t\t\t\t\t\t\t\t\t<div class=\"elementor-testimonial-details\">\n\t\t\t\t\t\t\t\t\t\t\t\t\t\t<div class=\"elementor-testimonial-name\">J\u00fcrgen Gro\u00df, Erdgas S\u00fcdwest GmbH<\/div>\n\t\t\t\t\t\t\t\t\t\t\t\t\t\t\t\t\t\t\t<\/div>\n\t\t\t\t\t\t\t\t\t<\/div>\n\t\t\t<\/div>\n\t\t\t\t\t<\/div>\n\t\t\t\t\t\t<\/div>\n\t\t\t\t<\/div>\n\t\t\t\t\t<\/div>\n\t\t<\/div>\n\t\t\t\t<div class=\"elementor-column elementor-col-33 elementor-inner-column elementor-element elementor-element-36ef36ee\" data-id=\"36ef36ee\" data-element_type=\"column\">\n\t\t\t<div class=\"elementor-widget-wrap elementor-element-populated\">\n\t\t\t\t\t\t<div class=\"elementor-element elementor-element-39663786 elementor-widget elementor-widget-testimonial\" data-id=\"39663786\" data-element_type=\"widget\" data-widget_type=\"testimonial.default\">\n\t\t\t\t<div class=\"elementor-widget-container\">\n\t\t\t\t\t\t\t<div class=\"elementor-testimonial-wrapper\">\n\t\t\t\t\t\t\t<div class=\"elementor-testimonial-content\">\"From the outset, as we collaboratively developed processes and requirements during the workshop, we had a positive impression. We are highly satisfied with the project's results, as our requirements were flawlessly executed, enabling us to successfully attain our objectives.\"\n<\/div>\n\t\t\t\n\t\t\t\t\t\t<div class=\"elementor-testimonial-meta elementor-has-image elementor-testimonial-image-position-aside\">\n\t\t\t\t<div class=\"elementor-testimonial-meta-inner\">\n\t\t\t\t\t\t\t\t\t\t\t<div class=\"elementor-testimonial-image\">\n\t\t\t\t\t\t\t<img decoding=\"async\" width=\"63\" height=\"63\" src=\"https:\/\/www.boomsoftware.com\/wp-content\/uploads\/2023\/08\/Mega_logo.png\" class=\"attachment-full size-full wp-image-1725\" alt=\"\" \/>\t\t\t\t\t\t<\/div>\n\t\t\t\t\t\n\t\t\t\t\t\t\t\t\t\t<div class=\"elementor-testimonial-details\">\n\t\t\t\t\t\t\t\t\t\t\t\t\t\t<div class=\"elementor-testimonial-name\">Johannes Meyer, MEGA Tierern\u00e4hrung GmbH &amp; Co. KG\u200b<\/div>\n\t\t\t\t\t\t\t\t\t\t\t\t\t\t\t\t\t\t\t<\/div>\n\t\t\t\t\t\t\t\t\t<\/div>\n\t\t\t<\/div>\n\t\t\t\t\t<\/div>\n\t\t\t\t\t\t<\/div>\n\t\t\t\t<\/div>\n\t\t\t\t\t<\/div>\n\t\t<\/div>\n\t\t\t\t<div class=\"elementor-column elementor-col-33 elementor-inner-column elementor-element elementor-element-3890cb00\" data-id=\"3890cb00\" data-element_type=\"column\">\n\t\t\t<div class=\"elementor-widget-wrap elementor-element-populated\">\n\t\t\t\t\t\t<div class=\"elementor-element elementor-element-8f7b93a elementor-widget elementor-widget-testimonial\" data-id=\"8f7b93a\" data-element_type=\"widget\" data-widget_type=\"testimonial.default\">\n\t\t\t\t<div class=\"elementor-widget-container\">\n\t\t\t\t\t\t\t<div class=\"elementor-testimonial-wrapper\">\n\t\t\t\t\t\t\t<div class=\"elementor-testimonial-content\">\"Through the capability to analyze machine and process data online, we have substantially decreased service turnaround times and eliminated numerous on-site visits. This not only enhances customer satisfaction all at once but also results in cost savings in our service operations.\"\n<\/div>\n\t\t\t\n\t\t\t\t\t\t<div class=\"elementor-testimonial-meta elementor-has-image elementor-testimonial-image-position-aside\">\n\t\t\t\t<div class=\"elementor-testimonial-meta-inner\">\n\t\t\t\t\t\t\t\t\t\t\t<div class=\"elementor-testimonial-image\">\n\t\t\t\t\t\t\t<img decoding=\"async\" width=\"63\" height=\"63\" src=\"https:\/\/www.boomsoftware.com\/wp-content\/uploads\/2023\/08\/SML_logo.png\" class=\"attachment-full size-full wp-image-1724\" alt=\"\" \/>\t\t\t\t\t\t<\/div>\n\t\t\t\t\t\n\t\t\t\t\t\t\t\t\t\t<div class=\"elementor-testimonial-details\">\n\t\t\t\t\t\t\t\t\t\t\t\t\t\t<div class=\"elementor-testimonial-name\">Dipl.-Ing. Wolfgang Kirchgatterer, SML Service<\/div>\n\t\t\t\t\t\t\t\t\t\t\t\t\t\t\t\t\t\t\t<\/div>\n\t\t\t\t\t\t\t\t\t<\/div>\n\t\t\t<\/div>\n\t\t\t\t\t<\/div>\n\t\t\t\t\t\t<\/div>\n\t\t\t\t<\/div>\n\t\t\t\t\t<\/div>\n\t\t<\/div>\n\t\t\t\t\t<\/div>\n\t\t<\/section>\n\t\t\t\t\t<\/div>\n\t\t<\/div>\n\t\t\t\t\t<\/div>\n\t\t<\/section>\n\t\t\t\t<\/div>\n\t\t","protected":false},"excerpt":{"rendered":"<p>Get in touch with us Contact details +43 3452 76216-0 office@boomsoftware.com Please fill out the form below, and we will contact you as soon as possible. Voice of the Customer &#8220;With Boom&#8217;s maintenance solution, we have found software that goes far beyond the standard in terms of functionality and continually adapts to the industry&#8217;s dynamics. [&hellip;]<\/p>\n","protected":false},"author":5,"featured_media":0,"parent":0,"menu_order":0,"comment_status":"closed","ping_status":"closed","template":"elementor_header_footer","meta":{"footnotes":""},"class_list":["post-5666","page","type-page","status-publish","hentry"],"yoast_head":"<!-- This site is optimized with the Yoast SEO plugin v26.7 - https:\/\/yoast.com\/wordpress\/plugins\/seo\/ -->\n<title>Contact - boomsoftware<\/title>\n<meta name=\"robots\" content=\"index, follow, max-snippet:-1, max-image-preview:large, max-video-preview:-1\" \/>\n<link rel=\"canonical\" href=\"https:\/\/www.boomsoftware.com\/en\/contact\/\" \/>\n<meta property=\"og:locale\" content=\"en_US\" \/>\n<meta property=\"og:type\" content=\"article\" \/>\n<meta property=\"og:title\" content=\"Contact - boomsoftware\" \/>\n<meta property=\"og:description\" content=\"Get in touch with us Contact details +43 3452 76216-0 office@boomsoftware.com Please fill out the form below, and we will contact you as soon as possible. Voice of the Customer &#8220;With Boom&#8217;s maintenance solution, we have found software that goes far beyond the standard in terms of functionality and continually adapts to the industry&#8217;s dynamics. [&hellip;]\" \/>\n<meta property=\"og:url\" content=\"https:\/\/www.boomsoftware.com\/en\/contact\/\" \/>\n<meta property=\"og:site_name\" content=\"boomsoftware\" \/>\n<meta property=\"article:publisher\" content=\"https:\/\/www.facebook.com\/BoomSoftware\" \/>\n<meta property=\"article:modified_time\" content=\"2023-10-12T13:57:04+00:00\" \/>\n<meta property=\"og:image\" content=\"https:\/\/www.boomsoftware.com\/wp-content\/uploads\/2023\/05\/logo_erdgas_sw.jpeg\" \/>\n<meta name=\"twitter:card\" content=\"summary_large_image\" \/>\n<meta name=\"twitter:label1\" content=\"Est. reading time\" \/>\n\t<meta name=\"twitter:data1\" content=\"2 minutes\" \/>\n<script type=\"application\/ld+json\" class=\"yoast-schema-graph\">{\"@context\":\"https:\/\/schema.org\",\"@graph\":[{\"@type\":\"WebPage\",\"@id\":\"https:\/\/www.boomsoftware.com\/en\/contact\/\",\"url\":\"https:\/\/www.boomsoftware.com\/en\/contact\/\",\"name\":\"Contact - boomsoftware\",\"isPartOf\":{\"@id\":\"https:\/\/www.boomsoftware.com\/en\/#website\"},\"primaryImageOfPage\":{\"@id\":\"https:\/\/www.boomsoftware.com\/en\/contact\/#primaryimage\"},\"image\":{\"@id\":\"https:\/\/www.boomsoftware.com\/en\/contact\/#primaryimage\"},\"thumbnailUrl\":\"https:\/\/www.boomsoftware.com\/wp-content\/uploads\/2023\/05\/logo_erdgas_sw.jpeg\",\"datePublished\":\"2023-05-23T08:30:54+00:00\",\"dateModified\":\"2023-10-12T13:57:04+00:00\",\"breadcrumb\":{\"@id\":\"https:\/\/www.boomsoftware.com\/en\/contact\/#breadcrumb\"},\"inLanguage\":\"en-US\",\"potentialAction\":[{\"@type\":\"ReadAction\",\"target\":[\"https:\/\/www.boomsoftware.com\/en\/contact\/\"]}]},{\"@type\":\"ImageObject\",\"inLanguage\":\"en-US\",\"@id\":\"https:\/\/www.boomsoftware.com\/en\/contact\/#primaryimage\",\"url\":\"https:\/\/www.boomsoftware.com\/wp-content\/uploads\/2023\/05\/logo_erdgas_sw.jpeg\",\"contentUrl\":\"https:\/\/www.boomsoftware.com\/wp-content\/uploads\/2023\/05\/logo_erdgas_sw.jpeg\"},{\"@type\":\"BreadcrumbList\",\"@id\":\"https:\/\/www.boomsoftware.com\/en\/contact\/#breadcrumb\",\"itemListElement\":[{\"@type\":\"ListItem\",\"position\":1,\"name\":\"Startseite\",\"item\":\"https:\/\/www.boomsoftware.com\/en\/\"},{\"@type\":\"ListItem\",\"position\":2,\"name\":\"Contact\"}]},{\"@type\":\"WebSite\",\"@id\":\"https:\/\/www.boomsoftware.com\/en\/#website\",\"url\":\"https:\/\/www.boomsoftware.com\/en\/\",\"name\":\"boomsoftware\",\"description\":\"Experten f\u00fcr digitale L\u00f6sungen im Instandhaltungs- und Produktionsmanagement\",\"publisher\":{\"@id\":\"https:\/\/www.boomsoftware.com\/en\/#organization\"},\"alternateName\":\"Boom Software AG\",\"potentialAction\":[{\"@type\":\"SearchAction\",\"target\":{\"@type\":\"EntryPoint\",\"urlTemplate\":\"https:\/\/www.boomsoftware.com\/en\/?s={search_term_string}\"},\"query-input\":{\"@type\":\"PropertyValueSpecification\",\"valueRequired\":true,\"valueName\":\"search_term_string\"}}],\"inLanguage\":\"en-US\"},{\"@type\":\"Organization\",\"@id\":\"https:\/\/www.boomsoftware.com\/en\/#organization\",\"name\":\"Boom Software\",\"url\":\"https:\/\/www.boomsoftware.com\/en\/\",\"logo\":{\"@type\":\"ImageObject\",\"inLanguage\":\"en-US\",\"@id\":\"https:\/\/www.boomsoftware.com\/en\/#\/schema\/logo\/image\/\",\"url\":\"https:\/\/www.boomsoftware.com\/wp-content\/uploads\/2023\/09\/Boom.jpg\",\"contentUrl\":\"https:\/\/www.boomsoftware.com\/wp-content\/uploads\/2023\/09\/Boom.jpg\",\"width\":196,\"height\":55,\"caption\":\"Boom Software\"},\"image\":{\"@id\":\"https:\/\/www.boomsoftware.com\/en\/#\/schema\/logo\/image\/\"},\"sameAs\":[\"https:\/\/www.facebook.com\/BoomSoftware\"]}]}<\/script>\n<!-- \/ Yoast SEO plugin. -->","yoast_head_json":{"title":"Contact - boomsoftware","robots":{"index":"index","follow":"follow","max-snippet":"max-snippet:-1","max-image-preview":"max-image-preview:large","max-video-preview":"max-video-preview:-1"},"canonical":"https:\/\/www.boomsoftware.com\/en\/contact\/","og_locale":"en_US","og_type":"article","og_title":"Contact - boomsoftware","og_description":"Get in touch with us Contact details +43 3452 76216-0 office@boomsoftware.com Please fill out the form below, and we will contact you as soon as possible. Voice of the Customer &#8220;With Boom&#8217;s maintenance solution, we have found software that goes far beyond the standard in terms of functionality and continually adapts to the industry&#8217;s dynamics. [&hellip;]","og_url":"https:\/\/www.boomsoftware.com\/en\/contact\/","og_site_name":"boomsoftware","article_publisher":"https:\/\/www.facebook.com\/BoomSoftware","article_modified_time":"2023-10-12T13:57:04+00:00","og_image":[{"url":"https:\/\/www.boomsoftware.com\/wp-content\/uploads\/2023\/05\/logo_erdgas_sw.jpeg","type":"","width":"","height":""}],"twitter_card":"summary_large_image","twitter_misc":{"Est. reading time":"2 minutes"},"schema":{"@context":"https:\/\/schema.org","@graph":[{"@type":"WebPage","@id":"https:\/\/www.boomsoftware.com\/en\/contact\/","url":"https:\/\/www.boomsoftware.com\/en\/contact\/","name":"Contact - boomsoftware","isPartOf":{"@id":"https:\/\/www.boomsoftware.com\/en\/#website"},"primaryImageOfPage":{"@id":"https:\/\/www.boomsoftware.com\/en\/contact\/#primaryimage"},"image":{"@id":"https:\/\/www.boomsoftware.com\/en\/contact\/#primaryimage"},"thumbnailUrl":"https:\/\/www.boomsoftware.com\/wp-content\/uploads\/2023\/05\/logo_erdgas_sw.jpeg","datePublished":"2023-05-23T08:30:54+00:00","dateModified":"2023-10-12T13:57:04+00:00","breadcrumb":{"@id":"https:\/\/www.boomsoftware.com\/en\/contact\/#breadcrumb"},"inLanguage":"en-US","potentialAction":[{"@type":"ReadAction","target":["https:\/\/www.boomsoftware.com\/en\/contact\/"]}]},{"@type":"ImageObject","inLanguage":"en-US","@id":"https:\/\/www.boomsoftware.com\/en\/contact\/#primaryimage","url":"https:\/\/www.boomsoftware.com\/wp-content\/uploads\/2023\/05\/logo_erdgas_sw.jpeg","contentUrl":"https:\/\/www.boomsoftware.com\/wp-content\/uploads\/2023\/05\/logo_erdgas_sw.jpeg"},{"@type":"BreadcrumbList","@id":"https:\/\/www.boomsoftware.com\/en\/contact\/#breadcrumb","itemListElement":[{"@type":"ListItem","position":1,"name":"Startseite","item":"https:\/\/www.boomsoftware.com\/en\/"},{"@type":"ListItem","position":2,"name":"Contact"}]},{"@type":"WebSite","@id":"https:\/\/www.boomsoftware.com\/en\/#website","url":"https:\/\/www.boomsoftware.com\/en\/","name":"boomsoftware","description":"Experten f\u00fcr digitale L\u00f6sungen im Instandhaltungs- und Produktionsmanagement","publisher":{"@id":"https:\/\/www.boomsoftware.com\/en\/#organization"},"alternateName":"Boom Software AG","potentialAction":[{"@type":"SearchAction","target":{"@type":"EntryPoint","urlTemplate":"https:\/\/www.boomsoftware.com\/en\/?s={search_term_string}"},"query-input":{"@type":"PropertyValueSpecification","valueRequired":true,"valueName":"search_term_string"}}],"inLanguage":"en-US"},{"@type":"Organization","@id":"https:\/\/www.boomsoftware.com\/en\/#organization","name":"Boom Software","url":"https:\/\/www.boomsoftware.com\/en\/","logo":{"@type":"ImageObject","inLanguage":"en-US","@id":"https:\/\/www.boomsoftware.com\/en\/#\/schema\/logo\/image\/","url":"https:\/\/www.boomsoftware.com\/wp-content\/uploads\/2023\/09\/Boom.jpg","contentUrl":"https:\/\/www.boomsoftware.com\/wp-content\/uploads\/2023\/09\/Boom.jpg","width":196,"height":55,"caption":"Boom Software"},"image":{"@id":"https:\/\/www.boomsoftware.com\/en\/#\/schema\/logo\/image\/"},"sameAs":["https:\/\/www.facebook.com\/BoomSoftware"]}]}},"_links":{"self":[{"href":"https:\/\/www.boomsoftware.com\/en\/wp-json\/wp\/v2\/pages\/5666","targetHints":{"allow":["GET"]}}],"collection":[{"href":"https:\/\/www.boomsoftware.com\/en\/wp-json\/wp\/v2\/pages"}],"about":[{"href":"https:\/\/www.boomsoftware.com\/en\/wp-json\/wp\/v2\/types\/page"}],"author":[{"embeddable":true,"href":"https:\/\/www.boomsoftware.com\/en\/wp-json\/wp\/v2\/users\/5"}],"replies":[{"embeddable":true,"href":"https:\/\/www.boomsoftware.com\/en\/wp-json\/wp\/v2\/comments?post=5666"}],"version-history":[{"count":17,"href":"https:\/\/www.boomsoftware.com\/en\/wp-json\/wp\/v2\/pages\/5666\/revisions"}],"predecessor-version":[{"id":7213,"href":"https:\/\/www.boomsoftware.com\/en\/wp-json\/wp\/v2\/pages\/5666\/revisions\/7213"}],"wp:attachment":[{"href":"https:\/\/www.boomsoftware.com\/en\/wp-json\/wp\/v2\/media?parent=5666"}],"curies":[{"name":"wp","href":"https:\/\/api.w.org\/{rel}","templated":true}]}}